{"id":1204,"date":"2024-05-20T19:50:16","date_gmt":"2024-05-20T19:50:16","guid":{"rendered":"https:\/\/stratasys.voxellab.rs\/wordpress\/?page_id=1204"},"modified":"2024-05-22T08:31:50","modified_gmt":"2024-05-22T08:31:50","slug":"3d-stampaci","status":"publish","type":"page","link":"https:\/\/stratasys.voxellab.rs\/wordpress\/3d-stampaci\/","title":{"rendered":"3D stampaci"},"content":{"rendered":"<div class=\"wpb-content-wrapper\">[vc_row equal_height=&#8221;yes&#8221; content_placement=&#8221;middle&#8221; fullwidth=&#8221;yes&#8221; fw_same_height=&#8221;yes&#8221; background_color=&#8221;#563ba7&#8243; top_margin=&#8221;-50&#8243;][vc_column width=&#8221;1\/2&#8243;]<div class=\"shortcode-wrapper shortcode-spacer clearfix\"><div class=\"spacer\" style=\"height:130px;\"><\/div><\/div><div class=\"shortcode-wrapper shortcode-title clearfix\"><p style=\"color:#ffffff!important;border-color:#ffffff\" class=\"hb-text-large \">3D \u0161tampa\u010di<\/p><\/div><div class=\"shortcode-wrapper shortcode-spacer clearfix\"><div class=\"spacer\" style=\"height:20px;\"><\/div><\/div><div class=\"shortcode-wrapper shortcode-title clearfix\"><h3 style=\"color:#fffc!important;border-color:#fffc\" class=\"\">Od brzog prototipiranja do medicinskog modeliranja i proizvodnje, na\u0161i 3D \u0161tampa\u010di koriste revolucionarne tehnologije za brzu i efikasnu izradu svega \u0161to vam je potrebno.<\/h3><\/div><div class=\"shortcode-wrapper shortcode-spacer clearfix\"><div class=\"spacer\" style=\"height:80px;\"><\/div><\/div>[\/vc_column][vc_column width=&#8221;1\/2&#8243;]<div class=\"shortcode-wrapper shortcode-spacer clearfix\"><div class=\"spacer\" style=\"height:150px;\"><\/div><\/div>[vc_single_image image=&#8221;1234&#8243; img_size=&#8221;full&#8221;][\/vc_column][\/vc_row][vc_row][vc_column][vc_tta_tabs alignment=&#8221;center&#8221; active_section=&#8221;1&#8243;][vc_tta_section title=&#8221;FDM 3D \u0160tampa\u010di&#8221; tab_id=&#8221;1716270148249-2d4def4f-2d41&#8243;][vc_row_inner css=&#8221;.vc_custom_1716271203936{padding-top: 40px !important;}&#8221;][vc_column_inner width=&#8221;1\/4&#8243;]<div class=\"shortcode-wrapper shortcode-spacer clearfix\"><div class=\"spacer\"><\/div><\/div>[vc_single_image image=&#8221;1226&#8243; img_size=&#8221;full&#8221; add_caption=&#8221;yes&#8221; alignment=&#8221;center&#8221;][vc_raw_html el_class=&#8221;hb-aligncenter&#8221;]JTNDZGl2JTIwY2xhc3MlM0QlMjJuYXppdiUyMiUzRSUzQ2ElMjBocmVmJTNEJTIyaHR0cHMlM0ElMkYlMkZzdHJhdGFzeXMudm94ZWxsYWIucnMlMkZ3b3JkcHJlc3MlMkZmb3J0dXMtNDUwJTJGJTIyJTIwc3R5bGUlM0QlMjJ0ZXh0LWFsaWduJTNBJTIwbGVmdCUzQmZvbnQtZmFtaWx5JTNBU29yYSUzQmZvbnQtd2VpZ2h0JTNBNDAwJTNCZm9udC1zdHlsZSUzQW5vcm1hbCUyMiUzRUZvcnR1cyUyMDQ1MCUzQyUyRmElM0UlMjAlM0NzdmclMjB3aWR0aCUzRCUyMjEyJTIyJTIwaGVpZ2h0JTNEJTIyMTIlMjIlMjB2aWV3Qm94JTNEJTIyMCUyMDAlMjAxMiUyMDEyJTIyJTIwZmlsbCUzRCUyMm5vbmUlMjIlMjB4bWxucyUzRCUyMmh0dHAlM0ElMkYlMkZ3d3cudzMub3JnJTJGMjAwMCUyRnN2ZyUyMiUzRSUzQ3BhdGglMjBkJTNEJTIyTTYuMzkyMDUlMjAxMS4yMTAyTDUuMzY5MzIlMjAxMC4xOTg4TDguOTIwNDUlMjA2LjY0NzY4SDBWNS4xNzA0MUg4LjkyMDQ1TDUuMzY5MzIlMjAxLjYyNDk2TDYuMzkyMDUlMjAwLjYwNzkxTDExLjY5MzIlMjA1LjkwOTA1TDYuMzkyMDUlMjAxMS4yMTAyWiUyMiUyMGZpbGwlM0QlMjJjdXJyZW50Q29sb3IlMjIlM0UlM0MlMkZwYXRoJTNFJTNDJTJGc3ZnJTNFJTNDJTJGZGl2JTNF[\/vc_raw_html][\/vc_column_inner][vc_column_inner width=&#8221;1\/2&#8243; css=&#8221;.vc_custom_1716280291201{padding-top: 3px !important;}&#8221;][vc_single_image image=&#8221;1229&#8243; img_size=&#8221;full&#8221; alignment=&#8221;center&#8221; css=&#8221;.vc_custom_1716271932985{margin-top: -20px !important;}&#8221;][vc_raw_html el_class=&#8221;hb-aligncenter&#8221;]JTNDZGl2JTIwY2xhc3MlM0QlMjJuYXppdiUyMiUzRSUzQ2ElMjBocmVmJTNEJTIyaHR0cHMlM0ElMkYlMkZzdHJhdGFzeXMudm94ZWxsYWIucnMlMkZ3b3JkcHJlc3MlMkZmOTAwJTJGJTIyJTIwc3R5bGUlM0QlMjJ0ZXh0LWFsaWduJTNBJTIwbGVmdCUzQmZvbnQtZmFtaWx5JTNBU29yYSUzQmZvbnQtd2VpZ2h0JTNBNDAwJTNCZm9udC1zdHlsZSUzQW5vcm1hbCUyMiUzRVN0cmF0YXN5cyUyMEY5MDAlMjAzRCUyMCVDNSVBMXRhbXBhJUM0JThEJTNDJTJGYSUzRSUyMCUzQ3N2ZyUyMHdpZHRoJTNEJTIyMTIlMjIlMjBoZWlnaHQlM0QlMjIxMiUyMiUyMHZpZXdCb3glM0QlMjIwJTIwMCUyMDEyJTIwMTIlMjIlMjBmaWxsJTNEJTIybm9uZSUyMiUyMHhtbG5zJTNEJTIyaHR0cCUzQSUyRiUyRnd3dy53My5vcmclMkYyMDAwJTJGc3ZnJTIyJTNFJTNDcGF0aCUyMGQlM0QlMjJNNi4zOTIwNSUyMDExLjIxMDJMNS4zNjkzMiUyMDEwLjE5ODhMOC45MjA0NSUyMDYuNjQ3NjhIMFY1LjE3MDQxSDguOTIwNDVMNS4zNjkzMiUyMDEuNjI0OTZMNi4zOTIwNSUyMDAuNjA3OTFMMTEuNjkzMiUyMDUuOTA5MDVMNi4zOTIwNSUyMDExLjIxMDJaJTIyJTIwZmlsbCUzRCUyMmN1cnJlbnRDb2xvciUyMiUzRSUzQyUyRnBhdGglM0UlM0MlMkZzdmclM0UlM0MlMkZkaXYlM0U=[\/vc_raw_html][\/vc_column_inner][vc_column_inner width=&#8221;1\/4&#8243;][\/vc_column_inner][\/vc_row_inner][vc_separator][vc_row_inner css=&#8221;.vc_custom_1716366626267{border-bottom-width: 1px !important;padding-bottom: 20px !important;border-bottom-color: #e5e5ef !important;border-bottom-style: solid !important;}&#8221;][vc_column_inner width=&#8221;1\/3&#8243;][vc_single_image image=&#8221;1320&#8243; img_size=&#8221;full&#8221; alignment=&#8221;center&#8221;][vc_raw_html css=&#8221;.vc_custom_1716366709181{margin-top: -35px !important;}&#8221; el_class=&#8221;hb-aligncenter&#8221;]JTNDZGl2JTIwY2xhc3MlM0QlMjJuYXppdiUyMiUzRSUzQ2ElMjBocmVmJTNEJTIyaHR0cHMlM0ElMkYlMkZzdHJhdGFzeXMudm94ZWxsYWIucnMlMkZ3b3JkcHJlc3MlMkZmMzMwMCUyRiUyMiUyMHN0eWxlJTNEJTIydGV4dC1hbGlnbiUzQSUyMGxlZnQlM0Jmb250LWZhbWlseSUzQVNvcmElM0Jmb250LXdlaWdodCUzQTQwMCUzQmZvbnQtc3R5bGUlM0Fub3JtYWwlMjIlM0VTdHJhdGFzeXMlMjBGMzMwMCUzQyUyRmgzJTNFJTIwJTNDc3ZnJTIwd2lkdGglM0QlMjIxMiUyMiUyMGhlaWdodCUzRCUyMjEyJTIyJTIwdmlld0JveCUzRCUyMjAlMjAwJTIwMTIlMjAxMiUyMiUyMGZpbGwlM0QlMjJub25lJTIyJTIweG1sbnMlM0QlMjJodHRwJTNBJTJGJTJGd3d3LnczLm9yZyUyRjIwMDAlMkZzdmclMjIlM0UlM0NwYXRoJTIwZCUzRCUyMk02LjM5MjA1JTIwMTEuMjEwMkw1LjM2OTMyJTIwMTAuMTk4OEw4LjkyMDQ1JTIwNi42NDc2OEgwVjUuMTcwNDFIOC45MjA0NUw1LjM2OTMyJTIwMS42MjQ5Nkw2LjM5MjA1JTIwMC42MDc5MUwxMS42OTMyJTIwNS45MDkwNUw2LjM5MjA1JTIwMTEuMjEwMlolMjIlMjBmaWxsJTNEJTIyY3VycmVudENvbG9yJTIyJTNFJTNDJTJGcGF0aCUzRSUzQyUyRnN2ZyUzRSUzQyUyRmRpdiUzRQ==[\/vc_raw_html][\/vc_column_inner][vc_column_inner width=&#8221;1\/3&#8243;][vc_single_image image=&#8221;1329&#8243; img_size=&#8221;full&#8221; alignment=&#8221;center&#8221;][vc_raw_html css=&#8221;.vc_custom_1716295218465{margin-top: -35px !important;}&#8221; el_class=&#8221;hb-aligncenter&#8221;]JTNDZGl2JTIwY2xhc3MlM0QlMjJuYXppdiUyMiUzRSUzQ2ElMjBocmVmJTNEJTIyaHR0cHMlM0ElMkYlMkZzdHJhdGFzeXMudm94ZWxsYWIucnMlMkZ3b3JkcHJlc3MlMkZmOTAwJTJGJTIyJTIwc3R5bGUlM0QlMjJ0ZXh0LWFsaWduJTNBJTIwbGVmdCUzQmZvbnQtZmFtaWx5JTNBU29yYSUzQmZvbnQtd2VpZ2h0JTNBNDAwJTNCZm9udC1zdHlsZSUzQW5vcm1hbCUyMiUzRVN0cmF0YXN5cyUyMEYlMjBzZXJpamElMjAtJTIwRjE3MCUzQyUyRmgzJTNFJTIwJTNDc3ZnJTIwd2lkdGglM0QlMjIxMiUyMiUyMGhlaWdodCUzRCUyMjEyJTIyJTIwdmlld0JveCUzRCUyMjAlMjAwJTIwMTIlMjAxMiUyMiUyMGZpbGwlM0QlMjJub25lJTIyJTIweG1sbnMlM0QlMjJodHRwJTNBJTJGJTJGd3d3LnczLm9yZyUyRjIwMDAlMkZzdmclMjIlM0UlM0NwYXRoJTIwZCUzRCUyMk02LjM5MjA1JTIwMTEuMjEwMkw1LjM2OTMyJTIwMTAuMTk4OEw4LjkyMDQ1JTIwNi42NDc2OEgwVjUuMTcwNDFIOC45MjA0NUw1LjM2OTMyJTIwMS42MjQ5Nkw2LjM5MjA1JTIwMC42MDc5MUwxMS42OTMyJTIwNS45MDkwNUw2LjM5MjA1JTIwMTEuMjEwMlolMjIlMjBmaWxsJTNEJTIyY3VycmVudENvbG9yJTIyJTNFJTNDJTJGcGF0aCUzRSUzQyUyRnN2ZyUzRSUzQyUyRmRpdiUzRQ==[\/vc_raw_html][\/vc_column_inner][vc_column_inner width=&#8221;1\/3&#8243;][vc_single_image image=&#8221;1335&#8243; img_size=&#8221;full&#8221; alignment=&#8221;center&#8221; css=&#8221;.vc_custom_1716296256936{border-top-width: 1px !important;border-right-width: 1px !important;border-bottom-width: 1px !important;border-left-width: 1px !important;border-left-color: #ffffff !important;border-left-style: solid !important;border-right-color: #ffffff !important;border-right-style: solid !important;border-top-color: #ffffff !important;border-top-style: solid !important;border-bottom-color: #ffffff !important;border-bottom-style: solid !important;border-radius: 25px !important;}&#8221; el_class=&#8221;f370&#8243;][vc_raw_html css=&#8221;.vc_custom_1716297204875{margin-top: -35px !important;}&#8221; el_class=&#8221;hb-aligncenter&#8221;]JTNDZGl2JTIwY2xhc3MlM0QlMjJuYXppdiUyMiUzRSUzQ2ElMjBocmVmJTNEJTIyaHR0cHMlM0ElMkYlMkZzdHJhdGFzeXMudm94ZWxsYWIucnMlMkZ3b3JkcHJlc3MlMkZmOTAwJTJGJTIyJTIwc3R5bGUlM0QlMjJ0ZXh0LWFsaWduJTNBJTIwbGVmdCUzQmZvbnQtZmFtaWx5JTNBU29yYSUzQmZvbnQtd2VpZ2h0JTNBNDAwJTNCZm9udC1zdHlsZSUzQW5vcm1hbCUyMiUzRVN0cmF0YXN5cyUyMEYlMjBzZXJpamElMjAtJTIwRjM3MCUzQyUyRmgzJTNFJTIwJTNDc3ZnJTIwd2lkdGglM0QlMjIxMiUyMiUyMGhlaWdodCUzRCUyMjEyJTIyJTIwdmlld0JveCUzRCUyMjAlMjAwJTIwMTIlMjAxMiUyMiUyMGZpbGwlM0QlMjJub25lJTIyJTIweG1sbnMlM0QlMjJodHRwJTNBJTJGJTJGd3d3LnczLm9yZyUyRjIwMDAlMkZzdmclMjIlM0UlM0NwYXRoJTIwZCUzRCUyMk02LjM5MjA1JTIwMTEuMjEwMkw1LjM2OTMyJTIwMTAuMTk4OEw4LjkyMDQ1JTIwNi42NDc2OEgwVjUuMTcwNDFIOC45MjA0NUw1LjM2OTMyJTIwMS42MjQ5Nkw2LjM5MjA1JTIwMC42MDc5MUwxMS42OTMyJTIwNS45MDkwNUw2LjM5MjA1JTIwMTEuMjEwMlolMjIlMjBmaWxsJTNEJTIyY3VycmVudENvbG9yJTIyJTNFJTNDJTJGcGF0aCUzRSUzQyUyRnN2ZyUzRSUzQyUyRmRpdiUzRQ==[\/vc_raw_html][\/vc_column_inner][\/vc_row_inner][vc_row_inner][vc_column_inner width=&#8221;1\/3&#8243;][vc_single_image image=&#8221;1353&#8243; img_size=&#8221;full&#8221; alignment=&#8221;center&#8221;][vc_raw_html css=&#8221;.vc_custom_1716315421618{margin-top: -35px !important;}&#8221; el_class=&#8221;hb-aligncenter&#8221;]JTNDZGl2JTIwY2xhc3MlM0QlMjJuYXppdiUyMiUzRSUzQ2ElMjBocmVmJTNEJTIyaHR0cHMlM0ElMkYlMkZzdHJhdGFzeXMudm94ZWxsYWIucnMlMkZ3b3JkcHJlc3MlMkZmOTAwJTJGJTIyJTIwc3R5bGUlM0QlMjJ0ZXh0LWFsaWduJTNBJTIwbGVmdCUzQmZvbnQtZmFtaWx5JTNBU29yYSUzQmZvbnQtd2VpZ2h0JTNBNDAwJTNCZm9udC1zdHlsZSUzQW5vcm1hbCUyMiUzRVN0cmF0YXN5cyUyMEY3NzAlM0MlMkZoMyUzRSUyMCUzQ3N2ZyUyMHdpZHRoJTNEJTIyMTIlMjIlMjBoZWlnaHQlM0QlMjIxMiUyMiUyMHZpZXdCb3glM0QlMjIwJTIwMCUyMDEyJTIwMTIlMjIlMjBmaWxsJTNEJTIybm9uZSUyMiUyMHhtbG5zJTNEJTIyaHR0cCUzQSUyRiUyRnd3dy53My5vcmclMkYyMDAwJTJGc3ZnJTIyJTNFJTNDcGF0aCUyMGQlM0QlMjJNNi4zOTIwNSUyMDExLjIxMDJMNS4zNjkzMiUyMDEwLjE5ODhMOC45MjA0NSUyMDYuNjQ3NjhIMFY1LjE3MDQxSDguOTIwNDVMNS4zNjkzMiUyMDEuNjI0OTZMNi4zOTIwNSUyMDAuNjA3OTFMMTEuNjkzMiUyMDUuOTA5MDVMNi4zOTIwNSUyMDExLjIxMDJaJTIyJTIwZmlsbCUzRCUyMmN1cnJlbnRDb2xvciUyMiUzRSUzQyUyRnBhdGglM0UlM0MlMkZzdmclM0UlM0MlMkZkaXYlM0U=[\/vc_raw_html][\/vc_column_inner][vc_column_inner width=&#8221;1\/3&#8243;][vc_single_image image=&#8221;1329&#8243; img_size=&#8221;full&#8221; alignment=&#8221;center&#8221;][vc_raw_html css=&#8221;.vc_custom_1716317648120{margin-top: -35px !important;}&#8221; el_class=&#8221;hb-aligncenter&#8221;]JTNDZGl2JTIwY2xhc3MlM0QlMjJuYXppdiUyMiUzRSUzQ2ElMjBocmVmJTNEJTIyaHR0cHMlM0ElMkYlMkZzdHJhdGFzeXMudm94ZWxsYWIucnMlMkZ3b3JkcHJlc3MlMkZmOTAwJTJGJTIyJTIwc3R5bGUlM0QlMjJ0ZXh0LWFsaWduJTNBJTIwbGVmdCUzQmZvbnQtZmFtaWx5JTNBU29yYSUzQmZvbnQtd2VpZ2h0JTNBNDAwJTNCZm9udC1zdHlsZSUzQW5vcm1hbCUyMiUzRVN0cmF0YXN5cyUyMEthcmJvbiUyMHNlcmlqYSUyMC0lMjBGMTkwJTIwQ1IlM0MlMkZoMyUzRSUyMCUzQ3N2ZyUyMHdpZHRoJTNEJTIyMTIlMjIlMjBoZWlnaHQlM0QlMjIxMiUyMiUyMHZpZXdCb3glM0QlMjIwJTIwMCUyMDEyJTIwMTIlMjIlMjBmaWxsJTNEJTIybm9uZSUyMiUyMHhtbG5zJTNEJTIyaHR0cCUzQSUyRiUyRnd3dy53My5vcmclMkYyMDAwJTJGc3ZnJTIyJTNFJTNDcGF0aCUyMGQlM0QlMjJNNi4zOTIwNSUyMDExLjIxMDJMNS4zNjkzMiUyMDEwLjE5ODhMOC45MjA0NSUyMDYuNjQ3NjhIMFY1LjE3MDQxSDguOTIwNDVMNS4zNjkzMiUyMDEuNjI0OTZMNi4zOTIwNSUyMDAuNjA3OTFMMTEuNjkzMiUyMDUuOTA5MDVMNi4zOTIwNSUyMDExLjIxMDJaJTIyJTIwZmlsbCUzRCUyMmN1cnJlbnRDb2xvciUyMiUzRSUzQyUyRnBhdGglM0UlM0MlMkZzdmclM0UlM0MlMkZkaXYlM0U=[\/vc_raw_html][\/vc_column_inner][vc_column_inner width=&#8221;1\/3&#8243;][vc_single_image image=&#8221;1335&#8243; img_size=&#8221;full&#8221; alignment=&#8221;center&#8221; css=&#8221;.vc_custom_1716296256936{border-top-width: 1px !important;border-right-width: 1px !important;border-bottom-width: 1px !important;border-left-width: 1px !important;border-left-color: #ffffff !important;border-left-style: solid !important;border-right-color: #ffffff !important;border-right-style: solid !important;border-top-color: #ffffff !important;border-top-style: solid !important;border-bottom-color: #ffffff !important;border-bottom-style: solid !important;border-radius: 25px !important;}&#8221; el_class=&#8221;f370&#8243;][vc_raw_html css=&#8221;.vc_custom_1716297204875{margin-top: -35px !important;}&#8221; el_class=&#8221;hb-aligncenter&#8221;]JTNDZGl2JTIwY2xhc3MlM0QlMjJuYXppdiUyMiUzRSUzQ2ElMjBocmVmJTNEJTIyaHR0cHMlM0ElMkYlMkZzdHJhdGFzeXMudm94ZWxsYWIucnMlMkZ3b3JkcHJlc3MlMkZmOTAwJTJGJTIyJTIwc3R5bGUlM0QlMjJ0ZXh0LWFsaWduJTNBJTIwbGVmdCUzQmZvbnQtZmFtaWx5JTNBU29yYSUzQmZvbnQtd2VpZ2h0JTNBNDAwJTNCZm9udC1zdHlsZSUzQW5vcm1hbCUyMiUzRVN0cmF0YXN5cyUyMEYlMjBzZXJpamElMjAtJTIwRjM3MCUzQyUyRmgzJTNFJTIwJTNDc3ZnJTIwd2lkdGglM0QlMjIxMiUyMiUyMGhlaWdodCUzRCUyMjEyJTIyJTIwdmlld0JveCUzRCUyMjAlMjAwJTIwMTIlMjAxMiUyMiUyMGZpbGwlM0QlMjJub25lJTIyJTIweG1sbnMlM0QlMjJodHRwJTNBJTJGJTJGd3d3LnczLm9yZyUyRjIwMDAlMkZzdmclMjIlM0UlM0NwYXRoJTIwZCUzRCUyMk02LjM5MjA1JTIwMTEuMjEwMkw1LjM2OTMyJTIwMTAuMTk4OEw4LjkyMDQ1JTIwNi42NDc2OEgwVjUuMTcwNDFIOC45MjA0NUw1LjM2OTMyJTIwMS42MjQ5Nkw2LjM5MjA1JTIwMC42MDc5MUwxMS42OTMyJTIwNS45MDkwNUw2LjM5MjA1JTIwMTEuMjEwMlolMjIlMjBmaWxsJTNEJTIyY3VycmVudENvbG9yJTIyJTNFJTNDJTJGcGF0aCUzRSUzQyUyRnN2ZyUzRSUzQyUyRmRpdiUzRQ==[\/vc_raw_html][\/vc_column_inner][\/vc_row_inner][\/vc_tta_section][vc_tta_section title=&#8221;PolyJet 3D \u0161tampa\u010di&#8221; tab_id=&#8221;1716270148254-ff33273d-b8f3&#8243;][\/vc_tta_section][vc_tta_section title=&#8221;P3 3D \u0161tampa\u010di&#8221; tab_id=&#8221;1716270389143-1b03dc4d-debf&#8221;][\/vc_tta_section][vc_tta_section title=&#8221;SAF 3D \u0161tampa\u010di&#8221; tab_id=&#8221;1716270425135-83086918-2506&#8243;][\/vc_tta_section][vc_tta_section title=&#8221;SLA 3D \u0161tampa\u010di&#8221; tab_id=&#8221;1716270448840-1fc3a4a9-f012&#8243;][\/vc_tta_section][vc_tta_section title=&#8221;Medicinski 3D \u0161tampa\u010di&#8221; tab_id=&#8221;1716270570060-9f01eceb-cb56&#8243;][\/vc_tta_section][\/vc_tta_tabs][\/vc_column][\/vc_row]\n<\/div>","protected":false},"excerpt":{"rendered":"<p>[vc_row equal_height=&#8221;yes&#8221; content_placement=&#8221;middle&#8221; fullwidth=&#8221;yes&#8221; fw_same_height=&#8221;yes&#8221; background_color=&#8221;#563ba7&#8243; top_margin=&#8221;-50&#8243;][vc_column width=&#8221;1\/2&#8243;][\/vc_column][vc_column width=&#8221;1\/2&#8243;][vc_single_image image=&#8221;1234&#8243; img_size=&#8221;full&#8221;][\/vc_column][\/vc_row][vc_row][vc_column][vc_tta_tabs alignment=&#8221;center&#8221; active_section=&#8221;1&#8243;][vc_tta_section title=&#8221;FDM 3D \u0160tampa\u010di&#8221; tab_id=&#8221;1716270148249-2d4def4f-2d41&#8243;][vc_row_inner css=&#8221;.vc_custom_1716271203936{padding-top: 40px !important;}&#8221;][vc_column_inner [&hellip;]<\/p>\n","protected":false},"author":2,"featured_media":0,"parent":0,"menu_order":0,"comment_status":"closed","ping_status":"closed","template":"","meta":{"footnotes":""},"class_list":["post-1204","page","type-page","status-publish","hentry"],"_links":{"self":[{"href":"https:\/\/stratasys.voxellab.rs\/wordpress\/wp-json\/wp\/v2\/pages\/1204","targetHints":{"allow":["GET"]}}],"collection":[{"href":"https:\/\/stratasys.voxellab.rs\/wordpress\/wp-json\/wp\/v2\/pages"}],"about":[{"href":"https:\/\/stratasys.voxellab.rs\/wordpress\/wp-json\/wp\/v2\/types\/page"}],"author":[{"embeddable":true,"href":"https:\/\/stratasys.voxellab.rs\/wordpress\/wp-json\/wp\/v2\/users\/2"}],"replies":[{"embeddable":true,"href":"https:\/\/stratasys.voxellab.rs\/wordpress\/wp-json\/wp\/v2\/comments?post=1204"}],"version-history":[{"count":116,"href":"https:\/\/stratasys.voxellab.rs\/wordpress\/wp-json\/wp\/v2\/pages\/1204\/revisions"}],"predecessor-version":[{"id":1385,"href":"https:\/\/stratasys.voxellab.rs\/wordpress\/wp-json\/wp\/v2\/pages\/1204\/revisions\/1385"}],"wp:attachment":[{"href":"https:\/\/stratasys.voxellab.rs\/wordpress\/wp-json\/wp\/v2\/media?parent=1204"}],"curies":[{"name":"wp","href":"https:\/\/api.w.org\/{rel}","templated":true}]}}